                                          {"id":4660,"date":"2026-02-16T16:25:12","date_gmt":"2026-02-16T16:25:12","guid":{"rendered":"https:\/\/besplatansajt.in.rs\/sajt\/demo\/?page_id=4660"},"modified":"2026-02-16T16:25:12","modified_gmt":"2026-02-16T16:25:12","slug":"dodavanje-texta-ili-slike-uz-proizvod","status":"publish","type":"page","link":"https:\/\/besplatansajt.in.rs\/sajt\/demo\/dodavanje-texta-ili-slike-uz-proizvod\/","title":{"rendered":"Dodavanje texta ili slike uz proizvod"},"content":{"rendered":"\n<p>Kada god je potrebna neka jednostavna customizacija proizvoda, nekada je porebno da se doda neki tekst ili neka slika uz kupovinu proizvoda. Ova dva plugina omogu\u0107avaju ba\u0161 to. Tako\u0111e obe stvari su vidljive i u korpi, proizvido, porud\u017ebini i svuda. <\/p>\n\n\n\n<p class=\"has-text-align-center\"><strong>Oba plugina su potpuno besplatna za na\u0161e klijente!<\/strong><\/p>\n\n\n\n<div class=\"wp-block-buttons is-content-justification-center is-layout-flex wp-container-core-buttons-is-layout-a89b3969 wp-block-buttons-is-layout-flex\">\n<div class=\"wp-block-button\"><a class=\"wp-block-button__link wp-element-button\">POGLEDAJ DEMO<\/a><\/div>\n<\/div>\n\n\n\n<div class=\"wp-block-buttons is-content-justification-center is-layout-flex wp-container-core-buttons-is-layout-a89b3969 wp-block-buttons-is-layout-flex\">\n<div class=\"wp-block-button\"><a class=\"wp-block-button__link wp-element-button\" href=\"https:\/\/cp.webhostingsrbija.rs\/addtocart\/plugin\/WHS-WC-Poruka\">Preuzmi plugin poruke<\/a><\/div>\n<\/div>\n\n\n\n<div class=\"wp-block-buttons is-content-justification-center is-layout-flex wp-container-core-buttons-is-layout-a89b3969 wp-block-buttons-is-layout-flex\">\n<div class=\"wp-block-button\"><a class=\"wp-block-button__link wp-element-button\" href=\"https:\/\/cp.webhostingsrbija.rs\/addtocart\/plugin\/WHS-WC-Slika\">Preuzmi plugin slike<\/a><\/div>\n<\/div>\n\n\n\n<p><\/p>\n","protected":false},"excerpt":{"rendered":"<p>Kada god je potrebna neka jednostavna customizacija proizvoda, nekada je porebno da se doda neki tekst ili neka slika uz kupovinu proizvoda. Ova dva plugina omogu\u0107avaju ba\u0161 to. Tako\u0111e obe stvari su vidljive i u korpi, proizvido, porud\u017ebini i svuda. Oba plugina su potpuno besplatna za na\u0161e klijente!<\/p>\n","protected":false},"author":1,"featured_media":0,"parent":0,"menu_order":0,"comment_status":"closed","ping_status":"closed","template":"","meta":{"site-sidebar-layout":"default","site-content-layout":"","ast-site-content-layout":"default","site-content-style":"default","site-sidebar-style":"default","ast-global-header-display":"","ast-banner-title-visibility":"","ast-main-header-display":"","ast-hfb-above-header-display":"","ast-hfb-below-header-display":"","ast-hfb-mobile-header-display":"","site-post-title":"","ast-breadcrumbs-content":"","ast-featured-img":"","footer-sml-layout":"","ast-disable-related-posts":"","theme-transparent-header-meta":"","adv-header-id-meta":"","stick-header-meta":"","header-above-stick-meta":"","header-main-stick-meta":"","header-below-stick-meta":"","astra-migrate-meta-layouts":"set","ast-page-background-enabled":"default","ast-page-background-meta":{"desktop":{"background-color":"","background-image":"","background-repeat":"repeat","background-position":"center center","background-size":"auto","background-attachment":"scroll","background-type":"","background-media":"","overlay-type":"","overlay-color":"","overlay-opacity":"","overlay-gradient":""},"tablet":{"background-color":"","background-image":"","background-repeat":"repeat","background-position":"center center","background-size":"auto","background-attachment":"scroll","background-type":"","background-media":"","overlay-type":"","overlay-color":"","overlay-opacity":"","overlay-gradient":""},"mobile":{"background-color":"","background-image":"","background-repeat":"repeat","background-position":"center center","background-size":"auto","background-attachment":"scroll","background-type":"","background-media":"","overlay-type":"","overlay-color":"","overlay-opacity":"","overlay-gradient":""}},"ast-content-background-meta":{"desktop":{"background-color":"var(--ast-global-color-5)","background-image":"","background-repeat":"repeat","background-position":"center center","background-size":"auto","background-attachment":"scroll","background-type":"","background-media":"","overlay-type":"","overlay-color":"","overlay-opacity":"","overlay-gradient":""},"tablet":{"background-color":"var(--ast-global-color-5)","background-image":"","background-repeat":"repeat","background-position":"center center","background-size":"auto","background-attachment":"scroll","background-type":"","background-media":"","overlay-type":"","overlay-color":"","overlay-opacity":"","overlay-gradient":""},"mobile":{"background-color":"var(--ast-global-color-5)","background-image":"","background-repeat":"repeat","background-position":"center center","background-size":"auto","background-attachment":"scroll","background-type":"","background-media":"","overlay-type":"","overlay-color":"","overlay-opacity":"","overlay-gradient":""}},"footnotes":""},"class_list":["post-4660","page","type-page","status-publish","hentry"],"_links":{"self":[{"href":"https:\/\/besplatansajt.in.rs\/sajt\/demo\/wp-json\/wp\/v2\/pages\/4660","targetHints":{"allow":["GET"]}}],"collection":[{"href":"https:\/\/besplatansajt.in.rs\/sajt\/demo\/wp-json\/wp\/v2\/pages"}],"about":[{"href":"https:\/\/besplatansajt.in.rs\/sajt\/demo\/wp-json\/wp\/v2\/types\/page"}],"author":[{"embeddable":true,"href":"https:\/\/besplatansajt.in.rs\/sajt\/demo\/wp-json\/wp\/v2\/users\/1"}],"replies":[{"embeddable":true,"href":"https:\/\/besplatansajt.in.rs\/sajt\/demo\/wp-json\/wp\/v2\/comments?post=4660"}],"version-history":[{"count":1,"href":"https:\/\/besplatansajt.in.rs\/sajt\/demo\/wp-json\/wp\/v2\/pages\/4660\/revisions"}],"predecessor-version":[{"id":4661,"href":"https:\/\/besplatansajt.in.rs\/sajt\/demo\/wp-json\/wp\/v2\/pages\/4660\/revisions\/4661"}],"wp:attachment":[{"href":"https:\/\/besplatansajt.in.rs\/sajt\/demo\/wp-json\/wp\/v2\/media?parent=4660"}],"curies":[{"name":"wp","href":"https:\/\/api.w.org\/{rel}","templated":true}]}}