                                          {"id":4437,"date":"2026-01-03T12:40:42","date_gmt":"2026-01-03T12:40:42","guid":{"rendered":"https:\/\/besplatansajt.in.rs\/sajt\/demo\/?page_id=4437"},"modified":"2026-01-30T22:27:12","modified_gmt":"2026-01-30T22:27:12","slug":"zakazivanje-termina","status":"publish","type":"page","link":"https:\/\/besplatansajt.in.rs\/sajt\/demo\/zakazivanje-termina\/","title":{"rendered":"Zakazivanje termina"},"content":{"rendered":"\n<p>Ukolko vam je potreban plugin za zakazivanje sastanaka, pregleda, termina salona lepote ili bilo kojih termina, na\u0161li ste plugin koji je svega 50kb lagan i jednsotavan. Univerzalan alat za zakazivanje termina svih vrsta koji mo\u017eete postaviti na svom sajtu gde god \u017eelite i koji se savr\u0161eno uklapa u svaki dizajn sajta. Mobilni optimizovan i mo\u017eete da podesite boje teksta i dugmeta. <\/p>\n\n\n\n<p>WHS termini plugin podr\u017eava i u koliko imate vi\u0161e delatnosti i vi\u0161e lokala i da za svaki lokal pode\u0161avate posebno, kao i ukoliko imate vi\u0161e zapo\u0161ljenih omogu\u0107ava zakazivanje termina i po zapo\u0161ljenom.<\/p>\n\n\n\n<p>Plugin je preveden na Engleski, Nema\u010dki, Francuski, Italijanski, \u0160panski, Gr\u010dki, Bugarski i Srpski.<\/p>\n\n\n\n<p>Cena plugina je 7 000 dinara jednokratno ko ima hosting na WebHostingSrbija.RS za ostale je 2000 din skuplje.<\/p>\n\n\n\n<div class=\"wp-block-buttons alignwide is-content-justification-center is-layout-flex wp-container-core-buttons-is-layout-a89b3969 wp-block-buttons-is-layout-flex\">\n<div class=\"wp-block-button\"><a class=\"wp-block-button__link has-text-align-center wp-element-button\" href=\"https:\/\/cp.webhostingsrbija.rs\/addtocart\/plugin\/WHS-Termini\">KUPI PLUGIN<\/a><\/div>\n<\/div>\n\n\n\n<hr class=\"wp-block-separator has-alpha-channel-opacity is-style-wide\"\/>\n\n\n\n<h2 class=\"wp-block-heading\">Demo plugina<\/h2>\n\n\n<div id=\"whs-termini-f1ded6a0-3931-41a9-990e-148aadc82c3c\" class=\"whs-termini\" data-init=\"{&quot;settings&quot;:{&quot;slot_step_min&quot;:15,&quot;max_days_ahead&quot;:60,&quot;min_notice_min&quot;:0},&quot;locations&quot;:[{&quot;id&quot;:1,&quot;name&quot;:&quot;Centar&quot;,&quot;status&quot;:&quot;active&quot;},{&quot;id&quot;:2,&quot;name&quot;:&quot;Bulevar&quot;,&quot;status&quot;:&quot;active&quot;}],&quot;staffByLocation&quot;:{&quot;1&quot;:[{&quot;id&quot;:1,&quot;location_id&quot;:1,&quot;name&quot;:&quot;Zaposleni 1&quot;,&quot;status&quot;:&quot;active&quot;}],&quot;2&quot;:[]},&quot;servicesByLocation&quot;:{&quot;1&quot;:[{&quot;id&quot;:2,&quot;location_id&quot;:1,&quot;name&quot;:&quot;Frizura&quot;,&quot;duration_min&quot;:60,&quot;buffer_before_min&quot;:0,&quot;buffer_after_min&quot;:0,&quot;status&quot;:&quot;active&quot;},{&quot;id&quot;:3,&quot;location_id&quot;:1,&quot;name&quot;:&quot;sminka&quot;,&quot;duration_min&quot;:60,&quot;buffer_before_min&quot;:0,&quot;buffer_after_min&quot;:0,&quot;status&quot;:&quot;active&quot;}],&quot;2&quot;:[]},&quot;appearance&quot;:{&quot;primary&quot;:&quot;#111111&quot;,&quot;primary_opacity&quot;:100,&quot;accent&quot;:&quot;#111111&quot;,&quot;accent_opacity&quot;:100,&quot;bg&quot;:&quot;#ffffff&quot;,&quot;bg_opacity&quot;:100,&quot;text&quot;:&quot;#111111&quot;,&quot;text_opacity&quot;:100,&quot;border&quot;:&quot;rgba(0,0,0,0.14)&quot;,&quot;radius_px&quot;:16}}\"><\/div>\n\n\n\n<hr class=\"wp-block-separator has-alpha-channel-opacity is-style-wide\"\/>\n\n\n\n<h2 class=\"wp-block-heading\">Admin deo i opcije<\/h2>\n\n\n\n<h3 class=\"wp-block-heading\">Rezervacije<\/h3>\n\n\n\n<figure class=\"wp-block-image size-large\"><img fetchpriority=\"high\" decoding=\"async\" width=\"968\" height=\"1024\" src=\"https:\/\/besplatansajt.in.rs\/sajt\/demo\/wp-content\/uploads\/2026\/01\/whs-termini-rezervacije-968x1024.webp\" alt=\"\" class=\"wp-image-4440\" srcset=\"https:\/\/besplatansajt.in.rs\/sajt\/demo\/wp-content\/uploads\/2026\/01\/whs-termini-rezervacije-968x1024.webp 968w, https:\/\/besplatansajt.in.rs\/sajt\/demo\/wp-content\/uploads\/2026\/01\/whs-termini-rezervacije-600x635.webp 600w, https:\/\/besplatansajt.in.rs\/sajt\/demo\/wp-content\/uploads\/2026\/01\/whs-termini-rezervacije-284x300.webp 284w, https:\/\/besplatansajt.in.rs\/sajt\/demo\/wp-content\/uploads\/2026\/01\/whs-termini-rezervacije-768x812.webp 768w, https:\/\/besplatansajt.in.rs\/sajt\/demo\/wp-content\/uploads\/2026\/01\/whs-termini-rezervacije-1452x1536.webp 1452w, https:\/\/besplatansajt.in.rs\/sajt\/demo\/wp-content\/uploads\/2026\/01\/whs-termini-rezervacije.webp 1711w\" sizes=\"(max-width: 968px) 100vw, 968px\" \/><\/figure>\n\n\n\n<h3 class=\"wp-block-heading\">Lokali<\/h3>\n\n\n\n<figure class=\"wp-block-image size-large\"><img decoding=\"async\" width=\"1024\" height=\"340\" src=\"https:\/\/besplatansajt.in.rs\/sajt\/demo\/wp-content\/uploads\/2026\/01\/whs-termini-lokali-1024x340.png\" alt=\"\" class=\"wp-image-4441\" srcset=\"https:\/\/besplatansajt.in.rs\/sajt\/demo\/wp-content\/uploads\/2026\/01\/whs-termini-lokali-1024x340.png 1024w, https:\/\/besplatansajt.in.rs\/sajt\/demo\/wp-content\/uploads\/2026\/01\/whs-termini-lokali-600x199.png 600w, https:\/\/besplatansajt.in.rs\/sajt\/demo\/wp-content\/uploads\/2026\/01\/whs-termini-lokali-300x100.png 300w, https:\/\/besplatansajt.in.rs\/sajt\/demo\/wp-content\/uploads\/2026\/01\/whs-termini-lokali-768x255.png 768w, https:\/\/besplatansajt.in.rs\/sajt\/demo\/wp-content\/uploads\/2026\/01\/whs-termini-lokali-1536x510.png 1536w, https:\/\/besplatansajt.in.rs\/sajt\/demo\/wp-content\/uploads\/2026\/01\/whs-termini-lokali.png 1707w\" sizes=\"(max-width: 1024px) 100vw, 1024px\" \/><\/figure>\n\n\n\n<h3 class=\"wp-block-heading\">Usluge<\/h3>\n\n\n\n<figure class=\"wp-block-image size-large\"><img decoding=\"async\" width=\"1024\" height=\"492\" src=\"https:\/\/besplatansajt.in.rs\/sajt\/demo\/wp-content\/uploads\/2026\/01\/whs-termini-usluge-1024x492.png\" alt=\"\" class=\"wp-image-4442\" srcset=\"https:\/\/besplatansajt.in.rs\/sajt\/demo\/wp-content\/uploads\/2026\/01\/whs-termini-usluge-1024x492.png 1024w, https:\/\/besplatansajt.in.rs\/sajt\/demo\/wp-content\/uploads\/2026\/01\/whs-termini-usluge-600x288.png 600w, https:\/\/besplatansajt.in.rs\/sajt\/demo\/wp-content\/uploads\/2026\/01\/whs-termini-usluge-300x144.png 300w, https:\/\/besplatansajt.in.rs\/sajt\/demo\/wp-content\/uploads\/2026\/01\/whs-termini-usluge-768x369.png 768w, https:\/\/besplatansajt.in.rs\/sajt\/demo\/wp-content\/uploads\/2026\/01\/whs-termini-usluge-1536x737.png 1536w, https:\/\/besplatansajt.in.rs\/sajt\/demo\/wp-content\/uploads\/2026\/01\/whs-termini-usluge.png 1687w\" sizes=\"(max-width: 1024px) 100vw, 1024px\" \/><\/figure>\n\n\n\n<h3 class=\"wp-block-heading\">Zaposleni<\/h3>\n\n\n\n<figure class=\"wp-block-image size-large\"><img loading=\"lazy\" decoding=\"async\" width=\"1024\" height=\"453\" src=\"https:\/\/besplatansajt.in.rs\/sajt\/demo\/wp-content\/uploads\/2026\/01\/whs-termini-zaposleni-1024x453.png\" alt=\"\" class=\"wp-image-4443\" srcset=\"https:\/\/besplatansajt.in.rs\/sajt\/demo\/wp-content\/uploads\/2026\/01\/whs-termini-zaposleni-1024x453.png 1024w, https:\/\/besplatansajt.in.rs\/sajt\/demo\/wp-content\/uploads\/2026\/01\/whs-termini-zaposleni-600x266.png 600w, https:\/\/besplatansajt.in.rs\/sajt\/demo\/wp-content\/uploads\/2026\/01\/whs-termini-zaposleni-300x133.png 300w, https:\/\/besplatansajt.in.rs\/sajt\/demo\/wp-content\/uploads\/2026\/01\/whs-termini-zaposleni-768x340.png 768w, https:\/\/besplatansajt.in.rs\/sajt\/demo\/wp-content\/uploads\/2026\/01\/whs-termini-zaposleni-1536x680.png 1536w, https:\/\/besplatansajt.in.rs\/sajt\/demo\/wp-content\/uploads\/2026\/01\/whs-termini-zaposleni.png 1690w\" sizes=\"(max-width: 1024px) 100vw, 1024px\" \/><\/figure>\n\n\n\n<h3 class=\"wp-block-heading\">Dostupnost \/ Radno vreme<\/h3>\n\n\n\n<figure class=\"wp-block-image size-large\"><img loading=\"lazy\" decoding=\"async\" width=\"1024\" height=\"879\" src=\"https:\/\/besplatansajt.in.rs\/sajt\/demo\/wp-content\/uploads\/2026\/01\/whs-termini-dostupnost-1024x879.webp\" alt=\"\" class=\"wp-image-4444\" srcset=\"https:\/\/besplatansajt.in.rs\/sajt\/demo\/wp-content\/uploads\/2026\/01\/whs-termini-dostupnost-1024x879.webp 1024w, https:\/\/besplatansajt.in.rs\/sajt\/demo\/wp-content\/uploads\/2026\/01\/whs-termini-dostupnost-600x515.webp 600w, https:\/\/besplatansajt.in.rs\/sajt\/demo\/wp-content\/uploads\/2026\/01\/whs-termini-dostupnost-300x258.webp 300w, https:\/\/besplatansajt.in.rs\/sajt\/demo\/wp-content\/uploads\/2026\/01\/whs-termini-dostupnost-768x659.webp 768w, https:\/\/besplatansajt.in.rs\/sajt\/demo\/wp-content\/uploads\/2026\/01\/whs-termini-dostupnost-1536x1319.webp 1536w, https:\/\/besplatansajt.in.rs\/sajt\/demo\/wp-content\/uploads\/2026\/01\/whs-termini-dostupnost.webp 1727w\" sizes=\"(max-width: 1024px) 100vw, 1024px\" \/><\/figure>\n\n\n\n<h3 class=\"wp-block-heading\">Pode\u0161avanja<\/h3>\n\n\n\n<figure class=\"wp-block-image size-large\"><img loading=\"lazy\" decoding=\"async\" width=\"856\" height=\"1024\" src=\"https:\/\/besplatansajt.in.rs\/sajt\/demo\/wp-content\/uploads\/2026\/01\/whs-termini-podesavanja-856x1024.webp\" alt=\"\" class=\"wp-image-4445\" srcset=\"https:\/\/besplatansajt.in.rs\/sajt\/demo\/wp-content\/uploads\/2026\/01\/whs-termini-podesavanja-856x1024.webp 856w, https:\/\/besplatansajt.in.rs\/sajt\/demo\/wp-content\/uploads\/2026\/01\/whs-termini-podesavanja-600x718.webp 600w, https:\/\/besplatansajt.in.rs\/sajt\/demo\/wp-content\/uploads\/2026\/01\/whs-termini-podesavanja-251x300.webp 251w, https:\/\/besplatansajt.in.rs\/sajt\/demo\/wp-content\/uploads\/2026\/01\/whs-termini-podesavanja-768x919.webp 768w, https:\/\/besplatansajt.in.rs\/sajt\/demo\/wp-content\/uploads\/2026\/01\/whs-termini-podesavanja-1283x1536.webp 1283w, https:\/\/besplatansajt.in.rs\/sajt\/demo\/wp-content\/uploads\/2026\/01\/whs-termini-podesavanja.webp 1701w\" sizes=\"(max-width: 856px) 100vw, 856px\" \/><\/figure>\n\n\n\n<h2 class=\"wp-block-heading\">Email poruke kako izgledaju klijent i vlasnik<\/h2>\n\n\n\n<div class=\"wp-block-columns is-layout-flex wp-container-core-columns-is-layout-28f84493 wp-block-columns-is-layout-flex\">\n<div class=\"wp-block-column is-layout-flow wp-block-column-is-layout-flow\">\n<figure class=\"wp-block-image size-full\"><img loading=\"lazy\" decoding=\"async\" width=\"842\" height=\"738\" src=\"https:\/\/besplatansajt.in.rs\/sajt\/demo\/wp-content\/uploads\/2026\/01\/whs-termini-email.png\" alt=\"\" class=\"wp-image-4446\" srcset=\"https:\/\/besplatansajt.in.rs\/sajt\/demo\/wp-content\/uploads\/2026\/01\/whs-termini-email.png 842w, https:\/\/besplatansajt.in.rs\/sajt\/demo\/wp-content\/uploads\/2026\/01\/whs-termini-email-600x526.png 600w, https:\/\/besplatansajt.in.rs\/sajt\/demo\/wp-content\/uploads\/2026\/01\/whs-termini-email-300x263.png 300w, https:\/\/besplatansajt.in.rs\/sajt\/demo\/wp-content\/uploads\/2026\/01\/whs-termini-email-768x673.png 768w\" sizes=\"(max-width: 842px) 100vw, 842px\" \/><\/figure>\n<\/div>\n\n\n\n<div class=\"wp-block-column is-layout-flow wp-block-column-is-layout-flow\">\n<figure class=\"wp-block-image size-full\"><img loading=\"lazy\" decoding=\"async\" width=\"817\" height=\"682\" src=\"https:\/\/besplatansajt.in.rs\/sajt\/demo\/wp-content\/uploads\/2026\/01\/whs-termini-email-vlasnik.webp\" alt=\"\" class=\"wp-image-4447\" srcset=\"https:\/\/besplatansajt.in.rs\/sajt\/demo\/wp-content\/uploads\/2026\/01\/whs-termini-email-vlasnik.webp 817w, https:\/\/besplatansajt.in.rs\/sajt\/demo\/wp-content\/uploads\/2026\/01\/whs-termini-email-vlasnik-600x501.webp 600w, https:\/\/besplatansajt.in.rs\/sajt\/demo\/wp-content\/uploads\/2026\/01\/whs-termini-email-vlasnik-300x250.webp 300w, https:\/\/besplatansajt.in.rs\/sajt\/demo\/wp-content\/uploads\/2026\/01\/whs-termini-email-vlasnik-768x641.webp 768w\" sizes=\"(max-width: 817px) 100vw, 817px\" \/><\/figure>\n<\/div>\n<\/div>\n\n\n\n<p><\/p>\n","protected":false},"excerpt":{"rendered":"<p>Ukolko vam je potreban plugin za zakazivanje sastanaka, pregleda, termina salona lepote ili bilo kojih termina, na\u0161li ste plugin koji je svega 50kb lagan i jednsotavan. Univerzalan alat za zakazivanje termina svih vrsta koji mo\u017eete postaviti na svom sajtu gde god \u017eelite i koji se savr\u0161eno uklapa u svaki dizajn sajta. Mobilni optimizovan i mo\u017eete [&hellip;]<\/p>\n","protected":false},"author":1,"featured_media":0,"parent":0,"menu_order":0,"comment_status":"closed","ping_status":"closed","template":"","meta":{"site-sidebar-layout":"default","site-content-layout":"","ast-site-content-layout":"default","site-content-style":"default","site-sidebar-style":"default","ast-global-header-display":"","ast-banner-title-visibility":"","ast-main-header-display":"","ast-hfb-above-header-display":"","ast-hfb-below-header-display":"","ast-hfb-mobile-header-display":"","site-post-title":"","ast-breadcrumbs-content":"","ast-featured-img":"","footer-sml-layout":"","ast-disable-related-posts":"","theme-transparent-header-meta":"","adv-header-id-meta":"","stick-header-meta":"","header-above-stick-meta":"","header-main-stick-meta":"","header-below-stick-meta":"","astra-migrate-meta-layouts":"set","ast-page-background-enabled":"default","ast-page-background-meta":{"desktop":{"background-color":"","background-image":"","background-repeat":"repeat","background-position":"center center","background-size":"auto","background-attachment":"scroll","background-type":"","background-media":"","overlay-type":"","overlay-color":"","overlay-opacity":"","overlay-gradient":""},"tablet":{"background-color":"","background-image":"","background-repeat":"repeat","background-position":"center center","background-size":"auto","background-attachment":"scroll","background-type":"","background-media":"","overlay-type":"","overlay-color":"","overlay-opacity":"","overlay-gradient":""},"mobile":{"background-color":"","background-image":"","background-repeat":"repeat","background-position":"center center","background-size":"auto","background-attachment":"scroll","background-type":"","background-media":"","overlay-type":"","overlay-color":"","overlay-opacity":"","overlay-gradient":""}},"ast-content-background-meta":{"desktop":{"background-color":"var(--ast-global-color-5)","background-image":"","background-repeat":"repeat","background-position":"center center","background-size":"auto","background-attachment":"scroll","background-type":"","background-media":"","overlay-type":"","overlay-color":"","overlay-opacity":"","overlay-gradient":""},"tablet":{"background-color":"var(--ast-global-color-5)","background-image":"","background-repeat":"repeat","background-position":"center center","background-size":"auto","background-attachment":"scroll","background-type":"","background-media":"","overlay-type":"","overlay-color":"","overlay-opacity":"","overlay-gradient":""},"mobile":{"background-color":"var(--ast-global-color-5)","background-image":"","background-repeat":"repeat","background-position":"center center","background-size":"auto","background-attachment":"scroll","background-type":"","background-media":"","overlay-type":"","overlay-color":"","overlay-opacity":"","overlay-gradient":""}},"footnotes":""},"class_list":["post-4437","page","type-page","status-publish","hentry"],"_links":{"self":[{"href":"https:\/\/besplatansajt.in.rs\/sajt\/demo\/wp-json\/wp\/v2\/pages\/4437","targetHints":{"allow":["GET"]}}],"collection":[{"href":"https:\/\/besplatansajt.in.rs\/sajt\/demo\/wp-json\/wp\/v2\/pages"}],"about":[{"href":"https:\/\/besplatansajt.in.rs\/sajt\/demo\/wp-json\/wp\/v2\/types\/page"}],"author":[{"embeddable":true,"href":"https:\/\/besplatansajt.in.rs\/sajt\/demo\/wp-json\/wp\/v2\/users\/1"}],"replies":[{"embeddable":true,"href":"https:\/\/besplatansajt.in.rs\/sajt\/demo\/wp-json\/wp\/v2\/comments?post=4437"}],"version-history":[{"count":7,"href":"https:\/\/besplatansajt.in.rs\/sajt\/demo\/wp-json\/wp\/v2\/pages\/4437\/revisions"}],"predecessor-version":[{"id":4505,"href":"https:\/\/besplatansajt.in.rs\/sajt\/demo\/wp-json\/wp\/v2\/pages\/4437\/revisions\/4505"}],"wp:attachment":[{"href":"https:\/\/besplatansajt.in.rs\/sajt\/demo\/wp-json\/wp\/v2\/media?parent=4437"}],"curies":[{"name":"wp","href":"https:\/\/api.w.org\/{rel}","templated":true}]}}