                                          {"id":4424,"date":"2026-01-03T11:15:36","date_gmt":"2026-01-03T11:15:36","guid":{"rendered":"https:\/\/besplatansajt.in.rs\/sajt\/demo\/?page_id=4424"},"modified":"2026-01-30T22:33:16","modified_gmt":"2026-01-30T22:33:16","slug":"lebdeci-dugmici-kontakt-poziv-viber-i-whatsapp","status":"publish","type":"page","link":"https:\/\/besplatansajt.in.rs\/sajt\/demo\/lebdeci-dugmici-kontakt-poziv-viber-i-whatsapp\/","title":{"rendered":"Lebde\u0107i dugmi\u0107i kontakt, poziv, viber i whatsapp"},"content":{"rendered":"\n<p>Plugin je besplatan ko ima hosting na WebHostingSrbija.RS za ostale je 2000 din vi\u0161e. <\/p>\n\n\n\n<div class=\"wp-block-buttons is-content-justification-center is-layout-flex wp-container-core-buttons-is-layout-a89b3969 wp-block-buttons-is-layout-flex\">\n<div class=\"wp-block-button\"><a class=\"wp-block-button__link wp-element-button\" href=\"https:\/\/cp.webhostingsrbija.rs\/addtocart\/plugin\/WHS-Floating-Contacts\">PREUZMI PLUGIN<\/a><\/div>\n<\/div>\n\n\n\n<p>Ovaj plugin omogu\u0107ava prikaza poziva, viber kontakta i whatsapp svuda na sajtu. To ve\u0107 vidite direktno na ovom sajtu na svim stranama. <\/p>\n\n\n\n<figure class=\"wp-block-image size-full\"><img decoding=\"async\" width=\"400\" height=\"66\" src=\"https:\/\/besplatansajt.in.rs\/sajt\/demo\/wp-content\/uploads\/2026\/01\/Screenshot-2026-01-03-121053.png\" alt=\"\" class=\"wp-image-4425\" srcset=\"https:\/\/besplatansajt.in.rs\/sajt\/demo\/wp-content\/uploads\/2026\/01\/Screenshot-2026-01-03-121053.png 400w, https:\/\/besplatansajt.in.rs\/sajt\/demo\/wp-content\/uploads\/2026\/01\/Screenshot-2026-01-03-121053-300x50.png 300w\" sizes=\"(max-width: 400px) 100vw, 400px\" \/><\/figure>\n\n\n\n<p>Ovaj plugin omogu\u0107ava promene boja kako bi ste lak\u0161e uklopili na svom sajtu i postavku da se vidi samo na mobilnom ili na svim ure\u0111ajima. <\/p>\n\n\n\n<p>Pode\u0161avanja plugina su prikazana na slede\u0107oj slici, tj admin deo ono \u0161to se ne vidi javno:<\/p>\n\n\n\n<figure class=\"wp-block-image size-full\"><img fetchpriority=\"high\" decoding=\"async\" width=\"792\" height=\"1013\" src=\"https:\/\/besplatansajt.in.rs\/sajt\/demo\/wp-content\/uploads\/2026\/01\/dugmici.webp\" alt=\"\" class=\"wp-image-4426\" srcset=\"https:\/\/besplatansajt.in.rs\/sajt\/demo\/wp-content\/uploads\/2026\/01\/dugmici.webp 792w, https:\/\/besplatansajt.in.rs\/sajt\/demo\/wp-content\/uploads\/2026\/01\/dugmici-600x767.webp 600w, https:\/\/besplatansajt.in.rs\/sajt\/demo\/wp-content\/uploads\/2026\/01\/dugmici-235x300.webp 235w, https:\/\/besplatansajt.in.rs\/sajt\/demo\/wp-content\/uploads\/2026\/01\/dugmici-768x982.webp 768w\" sizes=\"(max-width: 792px) 100vw, 792px\" \/><\/figure>\n","protected":false},"excerpt":{"rendered":"<p>Plugin je besplatan ko ima hosting na WebHostingSrbija.RS za ostale je 2000 din vi\u0161e. Ovaj plugin omogu\u0107ava prikaza poziva, viber kontakta i whatsapp svuda na sajtu. To ve\u0107 vidite direktno na ovom sajtu na svim stranama. Ovaj plugin omogu\u0107ava promene boja kako bi ste lak\u0161e uklopili na svom sajtu i postavku da se vidi samo [&hellip;]<\/p>\n","protected":false},"author":1,"featured_media":0,"parent":0,"menu_order":0,"comment_status":"closed","ping_status":"closed","template":"","meta":{"site-sidebar-layout":"default","site-content-layout":"","ast-site-content-layout":"default","site-content-style":"default","site-sidebar-style":"default","ast-global-header-display":"","ast-banner-title-visibility":"","ast-main-header-display":"","ast-hfb-above-header-display":"","ast-hfb-below-header-display":"","ast-hfb-mobile-header-display":"","site-post-title":"","ast-breadcrumbs-content":"","ast-featured-img":"","footer-sml-layout":"","ast-disable-related-posts":"","theme-transparent-header-meta":"","adv-header-id-meta":"","stick-header-meta":"","header-above-stick-meta":"","header-main-stick-meta":"","header-below-stick-meta":"","astra-migrate-meta-layouts":"set","ast-page-background-enabled":"default","ast-page-background-meta":{"desktop":{"background-color":"","background-image":"","background-repeat":"repeat","background-position":"center center","background-size":"auto","background-attachment":"scroll","background-type":"","background-media":"","overlay-type":"","overlay-color":"","overlay-opacity":"","overlay-gradient":""},"tablet":{"background-color":"","background-image":"","background-repeat":"repeat","background-position":"center center","background-size":"auto","background-attachment":"scroll","background-type":"","background-media":"","overlay-type":"","overlay-color":"","overlay-opacity":"","overlay-gradient":""},"mobile":{"background-color":"","background-image":"","background-repeat":"repeat","background-position":"center center","background-size":"auto","background-attachment":"scroll","background-type":"","background-media":"","overlay-type":"","overlay-color":"","overlay-opacity":"","overlay-gradient":""}},"ast-content-background-meta":{"desktop":{"background-color":"var(--ast-global-color-5)","background-image":"","background-repeat":"repeat","background-position":"center center","background-size":"auto","background-attachment":"scroll","background-type":"","background-media":"","overlay-type":"","overlay-color":"","overlay-opacity":"","overlay-gradient":""},"tablet":{"background-color":"var(--ast-global-color-5)","background-image":"","background-repeat":"repeat","background-position":"center center","background-size":"auto","background-attachment":"scroll","background-type":"","background-media":"","overlay-type":"","overlay-color":"","overlay-opacity":"","overlay-gradient":""},"mobile":{"background-color":"var(--ast-global-color-5)","background-image":"","background-repeat":"repeat","background-position":"center center","background-size":"auto","background-attachment":"scroll","background-type":"","background-media":"","overlay-type":"","overlay-color":"","overlay-opacity":"","overlay-gradient":""}},"footnotes":""},"class_list":["post-4424","page","type-page","status-publish","hentry"],"_links":{"self":[{"href":"https:\/\/besplatansajt.in.rs\/sajt\/demo\/wp-json\/wp\/v2\/pages\/4424","targetHints":{"allow":["GET"]}}],"collection":[{"href":"https:\/\/besplatansajt.in.rs\/sajt\/demo\/wp-json\/wp\/v2\/pages"}],"about":[{"href":"https:\/\/besplatansajt.in.rs\/sajt\/demo\/wp-json\/wp\/v2\/types\/page"}],"author":[{"embeddable":true,"href":"https:\/\/besplatansajt.in.rs\/sajt\/demo\/wp-json\/wp\/v2\/users\/1"}],"replies":[{"embeddable":true,"href":"https:\/\/besplatansajt.in.rs\/sajt\/demo\/wp-json\/wp\/v2\/comments?post=4424"}],"version-history":[{"count":2,"href":"https:\/\/besplatansajt.in.rs\/sajt\/demo\/wp-json\/wp\/v2\/pages\/4424\/revisions"}],"predecessor-version":[{"id":4510,"href":"https:\/\/besplatansajt.in.rs\/sajt\/demo\/wp-json\/wp\/v2\/pages\/4424\/revisions\/4510"}],"wp:attachment":[{"href":"https:\/\/besplatansajt.in.rs\/sajt\/demo\/wp-json\/wp\/v2\/media?parent=4424"}],"curies":[{"name":"wp","href":"https:\/\/api.w.org\/{rel}","templated":true}]}}